{"id":4445,"date":"2024-11-26T05:39:36","date_gmt":"2024-11-26T05:39:36","guid":{"rendered":"https:\/\/jarmapro.com\/?page_id=4445"},"modified":"2024-11-27T20:05:45","modified_gmt":"2024-11-27T20:05:45","slug":"quienes-somos","status":"publish","type":"page","link":"https:\/\/jarmapro.com\/index.php\/quienes-somos\/","title":{"rendered":"QUIENES SOMOS"},"content":{"rendered":"<p>[et_pb_section fb_built=\u00bb1&#8243; fullwidth=\u00bbon\u00bb theme_builder_area=\u00bbpost_content\u00bb _builder_version=\u00bb4.27.3&#8243; _module_preset=\u00bbdefault\u00bb][et_pb_fullwidth_image src=\u00bbhttps:\/\/jarmapro.com\/wp-content\/uploads\/2024\/11\/quienes-somos-jarma-portada-2Mesa-de-trabajo-1-1.png\u00bb _builder_version=\u00bb4.27.3&#8243; _module_preset=\u00bbdefault\u00bb theme_builder_area=\u00bbpost_content\u00bb hover_enabled=\u00bb0&#8243; sticky_enabled=\u00bb0&#8243; title_text=\u00bbquienes somos jarma portada 2Mesa de trabajo 1 (1)\u00bb][\/et_pb_fullwidth_image][\/et_pb_section][et_pb_section fb_built=\u00bb1&#8243; use_custom_gutter=\u00bbon\u00bb gutter_width=\u00bb1&#8243; specialty=\u00bbon\u00bb padding_top_1=\u00bb0px\u00bb padding_top_bottom_link_1=\u00bbfalse\u00bb padding_left_right_link_1=\u00bbfalse\u00bb admin_label=\u00bbCall To Action\u00bb _builder_version=\u00bb4.27.3&#8243; background_color=\u00bbrgba(0,0,0,0)\u00bb overflow-x=\u00bbhidden\u00bb overflow-y=\u00bbhidden\u00bb custom_margin=\u00bb57px|||||\u00bb custom_padding=\u00bb0px|||||\u00bb global_colors_info=\u00bb{}\u00bb][et_pb_column type=\u00bb1_2&#8243; _builder_version=\u00bb4.16&#8243; custom_padding=\u00bb|||\u00bb global_colors_info=\u00bb{}\u00bb custom_padding__hover=\u00bb|||\u00bb][et_pb_image src=\u00bbhttps:\/\/jarmapro.com\/wp-content\/uploads\/2024\/11\/Group-8.png\u00bb align=\u00bbcenter\u00bb _builder_version=\u00bb4.16&#8243; z_index=\u00bb1&#8243; custom_margin=\u00bb-66px||-66px||true|false\u00bb animation_style=\u00bbslide\u00bb animation_direction=\u00bbbottom\u00bb animation_intensity_slide=\u00bb10%\u00bb animation_speed_curve=\u00bblinear\u00bb locked=\u00bboff\u00bb global_colors_info=\u00bb{}\u00bb][\/et_pb_image][et_pb_image src=\u00bbhttps:\/\/jarmapro.com\/wp-content\/uploads\/2024\/11\/Termo-personalizdosf.png\u00bb title_text=\u00bbTermo-personalizdosf\u00bb _builder_version=\u00bb4.27.3&#8243; custom_margin=\u00bb|||-15vw|false|false\u00bb custom_margin_tablet=\u00bb|||0vw|false|false\u00bb custom_margin_phone=\u00bb\u00bb custom_margin_last_edited=\u00bbon|desktop\u00bb locked=\u00bboff\u00bb global_colors_info=\u00bb{}\u00bb][\/et_pb_image][\/et_pb_column][et_pb_column type=\u00bb1_2&#8243; specialty_columns=\u00bb2&#8243; _builder_version=\u00bb4.16&#8243; custom_padding=\u00bb|||\u00bb global_colors_info=\u00bb{}\u00bb custom_padding__hover=\u00bb|||\u00bb][et_pb_row_inner _builder_version=\u00bb4.27.3&#8243; background_color=\u00bb#29314f\u00bb background_image=\u00bbhttps:\/\/jarmapro.com\/wp-content\/uploads\/2024\/11\/impresion-playeras-los-angeles.jpg\u00bb background_blend=\u00bbmultiply\u00bb max_width=\u00bb440px\u00bb max_width_tablet=\u00bb100%\u00bb max_width_phone=\u00bb\u00bb max_width_last_edited=\u00bbon|desktop\u00bb custom_margin=\u00bb-33px|||||\u00bb custom_padding=\u00bb0px||0px|||\u00bb global_colors_info=\u00bb{}\u00bb][et_pb_column_inner saved_specialty_column_type=\u00bb1_2&#8243; _builder_version=\u00bb4.27.3&#8243; custom_padding=\u00bb80px|60px|80px|60px|false|true\u00bb custom_padding_tablet=\u00bb50px|50px|50px|50px|true|true\u00bb custom_padding_phone=\u00bb40px|40px|40px|40px|true|true\u00bb custom_padding_last_edited=\u00bbon|phone\u00bb global_colors_info=\u00bb{}\u00bb][et_pb_text _builder_version=\u00bb4.27.3&#8243; text_font=\u00bbPoppins||||||||\u00bb text_font_size=\u00bb16px\u00bb text_line_height=\u00bb2em\u00bb header_font=\u00bb||||||||\u00bb header_3_font=\u00bbPoppins|700|||||||\u00bb header_3_text_color=\u00bb#0ea8ea\u00bb header_3_font_size=\u00bb38px\u00bb header_3_line_height=\u00bb1.2em\u00bb text_orientation=\u00bbjustified\u00bb background_layout=\u00bbdark\u00bb max_width=\u00bb800px\u00bb animation_style=\u00bbslide\u00bb text_font_size_tablet=\u00bb\u00bb text_font_size_phone=\u00bb14px\u00bb text_font_size_last_edited=\u00bbon|desktop\u00bb text_line_height_tablet=\u00bb\u00bb text_line_height_phone=\u00bb1.7em\u00bb text_line_height_last_edited=\u00bbon|phone\u00bb header_3_font_size_tablet=\u00bb22px\u00bb header_3_font_size_phone=\u00bb18px\u00bb header_3_font_size_last_edited=\u00bbon|desktop\u00bb locked=\u00bboff\u00bb global_colors_info=\u00bb{}\u00bb]<\/p>\n<p>Somos una empresa apasionada por transformar tus ideas en productos \u00fanicos y personalizados. Nos especializamos en la venta de art\u00edculos promocionales como playeras, gorras, sudaderas y m\u00e1s, ideales para promocionar tu marca, destacar en eventos o regalar algo especial.<\/p>\n<p>&nbsp;<\/p>\n<p>[\/et_pb_text][et_pb_button button_text=\u00bbIR A LA TIENDA \u00bb _builder_version=\u00bb4.27.3&#8243; custom_button=\u00bbon\u00bb button_text_size=\u00bb14px\u00bb button_text_color=\u00bb#ffffff\u00bb button_bg_color=\u00bbrgba(0,0,0,0)\u00bb button_border_width=\u00bb1px\u00bb button_border_color=\u00bb#ffffff\u00bb button_border_radius=\u00bb0px\u00bb button_letter_spacing=\u00bb1px\u00bb button_font=\u00bbRoboto|700||on|||||\u00bb button_use_icon=\u00bboff\u00bb custom_margin=\u00bb40px||||false|false\u00bb custom_padding=\u00bb20px|30px|20px|30px|true|true\u00bb button_border_color_last_edited=\u00bboff|desktop\u00bb locked=\u00bboff\u00bb global_colors_info=\u00bb{}\u00bb button_bg_color__hover_enabled=\u00bbon\u00bb button_bg_color__hover=\u00bb#ffe770&#8243; button_bg_enable_color__hover=\u00bbon\u00bb button_border_color__hover_enabled=\u00bbon\u00bb button_border_color__hover=\u00bbrgba(0,0,0,0)\u00bb button_text_color__hover_enabled=\u00bbon\u00bb button_text_color__hover=\u00bb#29314f\u00bb][\/et_pb_button][\/et_pb_column_inner][\/et_pb_row_inner][et_pb_row_inner _builder_version=\u00bb4.16&#8243; overflow-x=\u00bbvisible\u00bb overflow-y=\u00bbvisible\u00bb custom_padding=\u00bb0px|||||\u00bb global_colors_info=\u00bb{}\u00bb][et_pb_column_inner saved_specialty_column_type=\u00bb1_2&#8243; _builder_version=\u00bb4.16&#8243; global_colors_info=\u00bb{}\u00bb][et_pb_text _builder_version=\u00bb4.16&#8243; header_4_font=\u00bbRoboto|800|||||||\u00bb header_4_text_color=\u00bbrgba(0,0,0,0.1)\u00bb header_4_font_size=\u00bb160px\u00bb transform_scale_tablet=\u00bb\u00bb transform_scale_phone=\u00bb\u00bb transform_scale_last_edited=\u00bbon|desktop\u00bb transform_translate=\u00bb130px|-400px\u00bb transform_translate_tablet=\u00bb\u00bb transform_translate_phone=\u00bb0px|0px\u00bb transform_translate_last_edited=\u00bbon|tablet\u00bb transform_translate_linked=\u00bboff\u00bb transform_rotate=\u00bb0deg|0deg|-90deg\u00bb transform_rotate_tablet=\u00bb\u00bb transform_rotate_phone=\u00bb0deg|0deg|0deg\u00bb transform_rotate_last_edited=\u00bbon|desktop\u00bb transform_skew_tablet=\u00bb\u00bb transform_skew_phone=\u00bb\u00bb transform_skew_last_edited=\u00bbon|desktop\u00bb transform_origin=\u00bb100%|0%\u00bb transform_origin_tablet=\u00bb\u00bb transform_origin_phone=\u00bb100%|50%\u00bb transform_origin_last_edited=\u00bbon|desktop\u00bb transform_styles_last_edited=\u00bbon|tablet\u00bb text_orientation=\u00bbright\u00bb max_width=\u00bb400px\u00bb custom_margin=\u00bb||-280px||false|false\u00bb custom_margin_tablet=\u00bb\u00bb custom_margin_phone=\u00bb||-100px||false|false\u00bb custom_margin_last_edited=\u00bbon|phone\u00bb header_4_font_size_tablet=\u00bb\u00bb header_4_font_size_phone=\u00bb80px\u00bb header_4_font_size_last_edited=\u00bbon|desktop\u00bb transform_styles_tablet=\u00bb\u00bb transform_styles_phone=\u00bb\u00bb locked=\u00bboff\u00bb global_colors_info=\u00bb{}\u00bb]<\/p>\n<h4>print<\/h4>\n<p>[\/et_pb_text][\/et_pb_column_inner][\/et_pb_row_inner][\/et_pb_column][\/et_pb_section][et_pb_section fb_built=\u00bb1&#8243; admin_label=\u00bbAbout\u00bb _builder_version=\u00bb4.27.3&#8243; background_color=\u00bb#40008e\u00bb background_image=\u00bbhttps:\/\/jarmapro.com\/wp-content\/uploads\/2024\/11\/AdobeStock_434345474-scaled.jpeg\u00bb background_blend=\u00bbmultiply\u00bb custom_margin=\u00bb-66px|||||\u00bb custom_padding=\u00bb19px||0px|||\u00bb global_colors_info=\u00bb{}\u00bb][et_pb_row column_structure=\u00bb1_2,1_2&#8243; _builder_version=\u00bb4.27.3&#8243; width=\u00bb88%\u00bb max_width=\u00bb1283px\u00bb custom_margin=\u00bb-18px|auto||auto||\u00bb custom_padding=\u00bb20px||51px|||\u00bb global_colors_info=\u00bb{}\u00bb][et_pb_column type=\u00bb1_2&#8243; _builder_version=\u00bb4.16&#8243; global_colors_info=\u00bb{}\u00bb][et_pb_text _builder_version=\u00bb4.27.3&#8243; text_font=\u00bbPoppins|300|||||||\u00bb text_text_color=\u00bb#FFFFFF\u00bb text_font_size=\u00bb17px\u00bb header_2_font=\u00bbRoboto|700|||||||\u00bb header_2_font_size=\u00bb46px\u00bb header_2_line_height=\u00bb1.2em\u00bb header_4_font=\u00bbPoppins|700||on|||||\u00bb header_4_text_color=\u00bb#FFFFFF\u00bb header_4_font_size=\u00bb38px\u00bb header_4_letter_spacing=\u00bb2px\u00bb header_4_line_height=\u00bb1.5em\u00bb max_width=\u00bb600px\u00bb custom_margin=\u00bb24px|||||\u00bb custom_padding=\u00bb5px|||||\u00bb animation_style=\u00bbslide\u00bb header_2_font_size_tablet=\u00bb30px\u00bb header_2_font_size_phone=\u00bb24px\u00bb header_2_font_size_last_edited=\u00bbon|phone\u00bb header_4_font_size_tablet=\u00bb16px\u00bb header_4_font_size_phone=\u00bb14px\u00bb header_4_font_size_last_edited=\u00bboff|tablet\u00bb locked=\u00bboff\u00bb global_colors_info=\u00bb{}\u00bb]<\/p>\n<h4>la mejor calidad<\/h4>\n<p style=\"text-align: justify;\">Nuestro compromiso es ofrecerte productos de la m\u00e1s alta calidad, con dise\u00f1os que reflejen tu estilo y prop\u00f3sito.<\/p>\n<p style=\"text-align: justify;\">Desde empresas hasta particulares, trabajamos para que cada proyecto sea \u00fanico, ayud\u00e1ndote a transmitir tu mensaje de manera creativa y profesional.<\/p>\n<p style=\"text-align: justify;\"><strong>\u00a1Somos tu aliado en personalizaci\u00f3n y promoci\u00f3n!<\/strong><\/p>\n<p>[\/et_pb_text][\/et_pb_column][et_pb_column type=\u00bb1_2&#8243; _builder_version=\u00bb4.16&#8243; global_colors_info=\u00bb{}\u00bb][et_pb_image src=\u00bbhttps:\/\/jarmapro.com\/wp-content\/uploads\/2024\/11\/jarma1logo.png\u00bb title_text=\u00bbjarma1logo\u00bb _builder_version=\u00bb4.27.3&#8243; _module_preset=\u00bbdefault\u00bb animation_style=\u00bbslide\u00bb global_colors_info=\u00bb{}\u00bb][\/et_pb_image][\/et_pb_column][\/et_pb_row][\/et_pb_section][et_pb_section fb_built=\u00bb1&#8243; admin_label=\u00bbHow It Works\u00bb _builder_version=\u00bb4.16&#8243; background_enable_image=\u00bboff\u00bb box_shadow_style=\u00bbpreset7&#8243; box_shadow_horizontal=\u00bb-40vw\u00bb box_shadow_vertical=\u00bb0px\u00bb box_shadow_color=\u00bb#72d9ff\u00bb global_colors_info=\u00bb{}\u00bb][et_pb_row column_structure=\u00bb1_2,1_2&#8243; _builder_version=\u00bb4.27.3&#8243; max_width=\u00bb1280px\u00bb global_colors_info=\u00bb{}\u00bb][et_pb_column type=\u00bb1_2&#8243; _builder_version=\u00bb4.16&#8243; global_colors_info=\u00bb{}\u00bb][et_pb_text _builder_version=\u00bb4.27.3&#8243; header_2_font=\u00bbRoboto|700|||||||\u00bb header_2_font_size=\u00bb120px\u00bb header_2_line_height=\u00bb1.2em\u00bb max_width=\u00bb600px\u00bb header_2_font_size_tablet=\u00bb40px\u00bb header_2_font_size_phone=\u00bb24px\u00bb header_2_font_size_last_edited=\u00bbon|phone\u00bb locked=\u00bboff\u00bb global_colors_info=\u00bb{}\u00bb]<\/p>\n<h2>Realiza tu Pedido<\/h2>\n<p>[\/et_pb_text][\/et_pb_column][et_pb_column type=\u00bb1_2&#8243; _builder_version=\u00bb4.27.3&#8243; background_color=\u00bb#7300d1&#8243; custom_padding=\u00bb80px|60px|80px|60px|false|true\u00bb custom_padding_tablet=\u00bb50px|50px|50px|50px|true|true\u00bb custom_padding_phone=\u00bb40px|40px|40px|40px|true|true\u00bb custom_padding_last_edited=\u00bbon|phone\u00bb animation_style=\u00bbslide\u00bb global_colors_info=\u00bb{}\u00bb][et_pb_blurb title=\u00bbEscoge la prenda a comprar\u00bb image=\u00bbhttps:\/\/jarmapro.com\/wp-content\/uploads\/2024\/11\/one.png\u00bb icon_placement=\u00bbleft\u00bb image_icon_width=\u00bb90px\u00bb image_icon_width_tablet=\u00bb90px\u00bb image_icon_width_phone=\u00bb40px\u00bb image_icon_width_last_edited=\u00bbon|desktop\u00bb _builder_version=\u00bb4.27.3&#8243; header_font=\u00bbRoboto|700|||||||\u00bb header_font_size=\u00bb32px\u00bb header_line_height=\u00bb1.5em\u00bb body_font=\u00bb||||||||\u00bb body_text_color=\u00bbrgba(255,255,255,0.5)\u00bb background_layout=\u00bbdark\u00bb header_font_size_tablet=\u00bb16px\u00bb header_font_size_phone=\u00bb14px\u00bb header_font_size_last_edited=\u00bbon|tablet\u00bb body_font_size_phone=\u00bb14px\u00bb body_font_size_last_edited=\u00bboff|desktop\u00bb body_line_height_phone=\u00bb1.7em\u00bb body_line_height_last_edited=\u00bboff|phone\u00bb image_max_width=\u00bb90px\u00bb image_max_width_tablet=\u00bb\u00bb image_max_width_phone=\u00bb40px\u00bb image_max_width_last_edited=\u00bbon|desktop\u00bb global_colors_info=\u00bb{}\u00bb][\/et_pb_blurb][et_pb_blurb title=\u00bbCaptura la cantidad de Prendas a comprar \u00bb image=\u00bbhttps:\/\/jarmapro.com\/wp-content\/uploads\/2024\/11\/two.png\u00bb icon_placement=\u00bbleft\u00bb image_icon_width=\u00bb90px\u00bb image_icon_width_tablet=\u00bb90px\u00bb image_icon_width_phone=\u00bb40px\u00bb image_icon_width_last_edited=\u00bbon|desktop\u00bb _builder_version=\u00bb4.27.3&#8243; header_font=\u00bbRoboto|700|||||||\u00bb header_font_size=\u00bb31px\u00bb header_line_height=\u00bb1.5em\u00bb body_font=\u00bb||||||||\u00bb body_text_color=\u00bbrgba(255,255,255,0.5)\u00bb background_layout=\u00bbdark\u00bb header_font_size_tablet=\u00bb16px\u00bb header_font_size_phone=\u00bb14px\u00bb header_font_size_last_edited=\u00bbon|tablet\u00bb body_font_size_phone=\u00bb14px\u00bb body_font_size_last_edited=\u00bboff|desktop\u00bb body_line_height_phone=\u00bb1.7em\u00bb body_line_height_last_edited=\u00bboff|phone\u00bb image_max_width=\u00bb90px\u00bb image_max_width_tablet=\u00bb\u00bb image_max_width_phone=\u00bb40px\u00bb image_max_width_last_edited=\u00bbon|desktop\u00bb global_colors_info=\u00bb{}\u00bb][\/et_pb_blurb][et_pb_blurb title=\u00bbAdjunta el dise\u00f1o en imagen que se imprimira en tu Prenda y realiza tu Compra\u00bb image=\u00bbhttps:\/\/jarmapro.com\/wp-content\/uploads\/2024\/11\/three.png\u00bb icon_placement=\u00bbleft\u00bb image_icon_width=\u00bb90px\u00bb image_icon_width_tablet=\u00bb90px\u00bb image_icon_width_phone=\u00bb40px\u00bb image_icon_width_last_edited=\u00bbon|desktop\u00bb _builder_version=\u00bb4.27.3&#8243; header_font=\u00bbRoboto|700|||||||\u00bb header_font_size=\u00bb24px\u00bb header_line_height=\u00bb1.5em\u00bb body_font=\u00bb||||||||\u00bb body_text_color=\u00bbrgba(255,255,255,0.5)\u00bb background_layout=\u00bbdark\u00bb header_font_size_tablet=\u00bb16px\u00bb header_font_size_phone=\u00bb14px\u00bb header_font_size_last_edited=\u00bbon|tablet\u00bb body_font_size_phone=\u00bb14px\u00bb body_font_size_last_edited=\u00bboff|desktop\u00bb body_line_height_phone=\u00bb1.7em\u00bb body_line_height_last_edited=\u00bboff|phone\u00bb image_max_width=\u00bb90px\u00bb image_max_width_tablet=\u00bb\u00bb image_max_width_phone=\u00bb40px\u00bb image_max_width_last_edited=\u00bbon|desktop\u00bb global_colors_info=\u00bb{}\u00bb][\/et_pb_blurb][\/et_pb_column][\/et_pb_row][\/et_pb_section]<\/p>\n","protected":false},"excerpt":{"rendered":"<p>Somos una empresa apasionada por transformar tus ideas en productos \u00fanicos y personalizados. Nos especializamos en la venta de art\u00edculos promocionales como playeras, gorras, sudaderas y m\u00e1s, ideales para promocionar tu marca, destacar en eventos o regalar algo especial. &nbsp;printla mejor calidad Nuestro compromiso es ofrecerte productos de la m\u00e1s alta calidad, con dise\u00f1os que [&hellip;]<\/p>\n","protected":false},"author":1,"featured_media":0,"parent":0,"menu_order":0,"comment_status":"closed","ping_status":"closed","template":"","meta":{"_et_pb_use_builder":"on","_et_pb_old_content":"","_et_gb_content_width":"","footnotes":""},"class_list":["post-4445","page","type-page","status-publish","hentry"],"_links":{"self":[{"href":"https:\/\/jarmapro.com\/index.php\/wp-json\/wp\/v2\/pages\/4445","targetHints":{"allow":["GET"]}}],"collection":[{"href":"https:\/\/jarmapro.com\/index.php\/wp-json\/wp\/v2\/pages"}],"about":[{"href":"https:\/\/jarmapro.com\/index.php\/wp-json\/wp\/v2\/types\/page"}],"author":[{"embeddable":true,"href":"https:\/\/jarmapro.com\/index.php\/wp-json\/wp\/v2\/users\/1"}],"replies":[{"embeddable":true,"href":"https:\/\/jarmapro.com\/index.php\/wp-json\/wp\/v2\/comments?post=4445"}],"version-history":[{"count":7,"href":"https:\/\/jarmapro.com\/index.php\/wp-json\/wp\/v2\/pages\/4445\/revisions"}],"predecessor-version":[{"id":4887,"href":"https:\/\/jarmapro.com\/index.php\/wp-json\/wp\/v2\/pages\/4445\/revisions\/4887"}],"wp:attachment":[{"href":"https:\/\/jarmapro.com\/index.php\/wp-json\/wp\/v2\/media?parent=4445"}],"curies":[{"name":"wp","href":"https:\/\/api.w.org\/{rel}","templated":true}]}}